{"id":866,"date":"2024-09-29T18:38:57","date_gmt":"2024-09-29T18:38:57","guid":{"rendered":"https:\/\/gabba-nation.com\/?post_type=product&#038;p=866"},"modified":"2026-04-11T09:15:41","modified_gmt":"2026-04-11T09:15:41","slug":"866","status":"publish","type":"product","link":"https:\/\/gabba-nation.com\/?product=866","title":{"rendered":"Serialkiller"},"content":{"rendered":"<p><span style=\"font-size: 24pt;\"><strong>Serialkiller <\/strong><\/span><\/p>\n<p><span style=\"font-size: 24pt;\"><strong><span style=\"font-size: 12pt;\">GNR08 Release 2003 \/ <\/span><\/strong><\/span><span style=\"font-size: 12pt;\">Vinyl Schallplatte EP<\/span><\/p>\n<p>Eine sehr seltene Rarit\u00e4t, \u00fcber 20 Jahre sicher eingelagert und jetzt wieder erh\u00e4ltlich.<\/p>\n<p>Titel auf der Platte:<\/p>\n<p><strong>Serialkiller<\/strong> &#8211; <em>Sascha<\/em><\/p>\n<p><strong>Unreal Trip<\/strong> &#8211; <em>Der T\u00f6pper<\/em><\/p>\n<p><strong>Asses of Fire<\/strong> &#8211; <em>The Speedfreak<\/em><\/p>\n<p><strong>Like this DJ<\/strong> &#8211; <em>Fast Eddy<\/em><\/p>\n<p>&nbsp;<\/p>\n","protected":false},"excerpt":{"rendered":"<p>Serialkiller GNR08 Release 2003 \/ Vinyl Schallplatte EP Eine sehr seltene Rarit\u00e4t, \u00fcber 20 Jahre sicher eingelagert und jetzt wieder erh\u00e4ltlich. Titel auf der Platte: Serialkiller &#8211; Sascha Unreal Trip &#8211; Der T\u00f6pper Asses of Fire &#8211; The Speedfreak Like &hellip; <a href=\"https:\/\/gabba-nation.com\/?product=866\">Weiterlesen <span class=\"meta-nav\">&rarr;<\/span><\/a><\/p>\n","protected":false},"featured_media":1105,"comment_status":"closed","ping_status":"closed","template":"","meta":{"jetpack_post_was_ever_published":false,"jetpack_publicize_message":"","jetpack_publicize_feature_enabled":true,"jetpack_social_post_already_shared":true,"jetpack_social_options":{"image_generator_settings":{"template":"highway","default_image_id":0,"font":"","enabled":false},"version":2}},"product_brand":[],"product_cat":[8],"product_tag":[],"class_list":{"0":"post-866","1":"product","2":"type-product","3":"status-publish","4":"has-post-thumbnail","6":"product_cat-merch","7":"product_shipping_class-versand-merch","9":"first","10":"instock","11":"taxable","12":"shipping-taxable","13":"purchasable","14":"product-type-simple"},"jetpack_publicize_connections":[],"jetpack-related-posts":[{"id":1308,"url":"https:\/\/gabba-nation.com\/?product=dj-beagle-ep-the-anniversary","url_meta":{"origin":866,"position":0},"title":"DJ BEAGLE EP -THE ANNIVERSARY-","author":"Fabian Baum","date":"M\u00e4rz 9, 2026","format":false,"excerpt":"Release 25|04|26 DJ BEAGLE \u2013 THE ANNIVERSARY EP GNR09 Release 2026 \/ Vinyl Schallplatte EP Die neue Vinyl von Gabba Nation Records. Titel auf der Platte: JAGGED - BEAGLE BLAZIN - APAC TO BETTEL \u2013 THE DESTROYER REMIX AAAARGGGGGHHHH - KCMA vs. BEAGLE \u00a0 \u00a0 \u00a0","rel":"","context":"\u00c4hnlicher Beitrag","block_context":{"text":"\u00c4hnlicher Beitrag","link":""},"img":{"alt_text":"","src":"https:\/\/i0.wp.com\/gabba-nation.com\/wp-content\/uploads\/2026\/03\/gnr09_front.jpg?fit=1200%2C1192&ssl=1&resize=350%2C200","width":350,"height":200,"srcset":"https:\/\/i0.wp.com\/gabba-nation.com\/wp-content\/uploads\/2026\/03\/gnr09_front.jpg?fit=1200%2C1192&ssl=1&resize=350%2C200 1x, https:\/\/i0.wp.com\/gabba-nation.com\/wp-content\/uploads\/2026\/03\/gnr09_front.jpg?fit=1200%2C1192&ssl=1&resize=525%2C300 1.5x, https:\/\/i0.wp.com\/gabba-nation.com\/wp-content\/uploads\/2026\/03\/gnr09_front.jpg?fit=1200%2C1192&ssl=1&resize=700%2C400 2x, https:\/\/i0.wp.com\/gabba-nation.com\/wp-content\/uploads\/2026\/03\/gnr09_front.jpg?fit=1200%2C1192&ssl=1&resize=1050%2C600 3x"},"classes":[]}],"jetpack_sharing_enabled":true,"_links":{"self":[{"href":"https:\/\/gabba-nation.com\/index.php?rest_route=\/wp\/v2\/product\/866","targetHints":{"allow":["GET"]}}],"collection":[{"href":"https:\/\/gabba-nation.com\/index.php?rest_route=\/wp\/v2\/product"}],"about":[{"href":"https:\/\/gabba-nation.com\/index.php?rest_route=\/wp\/v2\/types\/product"}],"replies":[{"embeddable":true,"href":"https:\/\/gabba-nation.com\/index.php?rest_route=%2Fwp%2Fv2%2Fcomments&post=866"}],"wp:featuredmedia":[{"embeddable":true,"href":"https:\/\/gabba-nation.com\/index.php?rest_route=\/wp\/v2\/media\/1105"}],"wp:attachment":[{"href":"https:\/\/gabba-nation.com\/index.php?rest_route=%2Fwp%2Fv2%2Fmedia&parent=866"}],"wp:term":[{"taxonomy":"product_brand","embeddable":true,"href":"https:\/\/gabba-nation.com\/index.php?rest_route=%2Fwp%2Fv2%2Fproduct_brand&post=866"},{"taxonomy":"product_cat","embeddable":true,"href":"https:\/\/gabba-nation.com\/index.php?rest_route=%2Fwp%2Fv2%2Fproduct_cat&post=866"},{"taxonomy":"product_tag","embeddable":true,"href":"https:\/\/gabba-nation.com\/index.php?rest_route=%2Fwp%2Fv2%2Fproduct_tag&post=866"}],"curies":[{"name":"wp","href":"https:\/\/api.w.org\/{rel}","templated":true}]}}