{"id":865,"date":"2024-09-29T18:38:10","date_gmt":"2024-09-29T18:38:10","guid":{"rendered":"https:\/\/gabba-nation.com\/?post_type=product&#038;p=865"},"modified":"2026-03-31T05:34:10","modified_gmt":"2026-03-31T05:34:10","slug":"beanis-muetze","status":"publish","type":"product","link":"https:\/\/gabba-nation.com\/?product=beanis-muetze","title":{"rendered":"GN Classic Beanie"},"content":{"rendered":"<p>GN Classic Beanie<\/p>\n<p>100% Polyacryl, doppelt gestrickt, Schwarz<\/p>\n<p>Stickfarbe: Quicksilver<br \/>\nStickgr\u00f6\u00dfe: ca. 4 cm breit<br \/>\nBesonderheit: voll ausgestickt<\/p>\n","protected":false},"excerpt":{"rendered":"<p>GN Classic Beanie 100% Polyacryl, doppelt gestrickt, Schwarz Stickfarbe: Quicksilver Stickgr\u00f6\u00dfe: ca. 4 cm breit Besonderheit: voll ausgestickt<\/p>\n","protected":false},"featured_media":897,"comment_status":"closed","ping_status":"closed","template":"","meta":{"jetpack_post_was_ever_published":false,"jetpack_publicize_message":"","jetpack_publicize_feature_enabled":true,"jetpack_social_post_already_shared":true,"jetpack_social_options":{"image_generator_settings":{"template":"highway","default_image_id":0,"font":"","enabled":false},"version":2}},"product_brand":[],"product_cat":[26],"product_tag":[],"class_list":{"0":"post-865","1":"product","2":"type-product","3":"status-publish","4":"has-post-thumbnail","6":"product_cat-muetze","7":"product_shipping_class-versand-merch","9":"first","10":"instock","11":"taxable","12":"shipping-taxable","13":"purchasable","14":"product-type-simple"},"jetpack_publicize_connections":[],"jetpack-related-posts":[{"id":1006,"url":"https:\/\/gabba-nation.com\/?product=gn-classic-basecap","url_meta":{"origin":865,"position":0},"title":"GN Classic Basecap","author":"Fabian Baum","date":"Januar 15, 2025","format":false,"excerpt":"GN Classic Basecap 98% Polyester 2% Elastan, Schwarz Klettverschluss Stickfarbe: Quicksilver Stickgr\u00f6\u00dfe: ca. 4 cm breit Besonderheit: voll ausgestickt","rel":"","context":"\u00c4hnlicher Beitrag","block_context":{"text":"\u00c4hnlicher Beitrag","link":""},"img":{"alt_text":"","src":"https:\/\/i0.wp.com\/gabba-nation.com\/wp-content\/uploads\/2025\/01\/basecap-GN-Classic.jpg?fit=709%2C567&ssl=1&resize=350%2C200","width":350,"height":200,"srcset":"https:\/\/i0.wp.com\/gabba-nation.com\/wp-content\/uploads\/2025\/01\/basecap-GN-Classic.jpg?fit=709%2C567&ssl=1&resize=350%2C200 1x, https:\/\/i0.wp.com\/gabba-nation.com\/wp-content\/uploads\/2025\/01\/basecap-GN-Classic.jpg?fit=709%2C567&ssl=1&resize=525%2C300 1.5x, https:\/\/i0.wp.com\/gabba-nation.com\/wp-content\/uploads\/2025\/01\/basecap-GN-Classic.jpg?fit=709%2C567&ssl=1&resize=700%2C400 2x"},"classes":[]},{"id":28,"url":"https:\/\/gabba-nation.com\/?product=gn-classic-jacke","url_meta":{"origin":865,"position":1},"title":"GN Classic Jacke","author":"v0r73x","date":"Mai 11, 2015","format":false,"excerpt":"Gr\u00f6\u00dfen: S, M, L, XL, XXL, XXXL Farbe: Schwarz Hochwertiger Hoodie mit Rei\u00dfverschluss und langlebigem Siebdruck","rel":"","context":"\u00c4hnlicher Beitrag","block_context":{"text":"\u00c4hnlicher Beitrag","link":""},"img":{"alt_text":"","src":"https:\/\/i0.wp.com\/gabba-nation.com\/wp-content\/uploads\/2015\/05\/GabbaNation-Classic_jacke.jpg?fit=564%2C469&ssl=1&resize=350%2C200","width":350,"height":200,"srcset":"https:\/\/i0.wp.com\/gabba-nation.com\/wp-content\/uploads\/2015\/05\/GabbaNation-Classic_jacke.jpg?fit=564%2C469&ssl=1&resize=350%2C200 1x, https:\/\/i0.wp.com\/gabba-nation.com\/wp-content\/uploads\/2015\/05\/GabbaNation-Classic_jacke.jpg?fit=564%2C469&ssl=1&resize=525%2C300 1.5x"},"classes":[]},{"id":26,"url":"https:\/\/gabba-nation.com\/?product=gn-classic-t-shirt","url_meta":{"origin":865,"position":2},"title":"GN Classic T-Shirt","author":"v0r73x","date":"Mai 11, 2015","format":false,"excerpt":"Gr\u00f6\u00dfen: S, M, L, XL, XXL, XXXL, XXXXL Farbe: Schwarz Hochwertiges SOL\u00b4S Imperial T-Shirt mit langlebigem Siebdruck","rel":"","context":"\u00c4hnlicher Beitrag","block_context":{"text":"\u00c4hnlicher Beitrag","link":""},"img":{"alt_text":"","src":"https:\/\/i0.wp.com\/gabba-nation.com\/wp-content\/uploads\/2015\/05\/GabbaNation-Classic_t-shirt.jpg?fit=564%2C469&ssl=1&resize=350%2C200","width":350,"height":200,"srcset":"https:\/\/i0.wp.com\/gabba-nation.com\/wp-content\/uploads\/2015\/05\/GabbaNation-Classic_t-shirt.jpg?fit=564%2C469&ssl=1&resize=350%2C200 1x, https:\/\/i0.wp.com\/gabba-nation.com\/wp-content\/uploads\/2015\/05\/GabbaNation-Classic_t-shirt.jpg?fit=564%2C469&ssl=1&resize=525%2C300 1.5x"},"classes":[]},{"id":1009,"url":"https:\/\/gabba-nation.com\/?product=gn-classic-polo","url_meta":{"origin":865,"position":3},"title":"GN Classic Polo","author":"Fabian Baum","date":"Januar 15, 2025","format":false,"excerpt":"Gr\u00f6\u00dfen:\u00a0 M, L, XL, XXL, 3XL Hochwertiges Polo Hemd mit langlebigem Stick Farbe: Schwarz Stickfarbe: Quicksilver Stickgr\u00f6\u00dfe: ca. 4 cm breit, voll ausgestickt \u00a0 \u00a0","rel":"","context":"\u00c4hnlicher Beitrag","block_context":{"text":"\u00c4hnlicher Beitrag","link":""},"img":{"alt_text":"","src":"https:\/\/i0.wp.com\/gabba-nation.com\/wp-content\/uploads\/2025\/01\/GN-Classic-Polo.jpg?fit=709%2C567&ssl=1&resize=350%2C200","width":350,"height":200,"srcset":"https:\/\/i0.wp.com\/gabba-nation.com\/wp-content\/uploads\/2025\/01\/GN-Classic-Polo.jpg?fit=709%2C567&ssl=1&resize=350%2C200 1x, https:\/\/i0.wp.com\/gabba-nation.com\/wp-content\/uploads\/2025\/01\/GN-Classic-Polo.jpg?fit=709%2C567&ssl=1&resize=525%2C300 1.5x, https:\/\/i0.wp.com\/gabba-nation.com\/wp-content\/uploads\/2025\/01\/GN-Classic-Polo.jpg?fit=709%2C567&ssl=1&resize=700%2C400 2x"},"classes":[]},{"id":862,"url":"https:\/\/gabba-nation.com\/?product=gn-buttons","url_meta":{"origin":865,"position":4},"title":"GN Buttons","author":"v0r73x","date":"September 29, 2024","format":false,"excerpt":"GN Buttons: 2,5 cm Anzahl: 5 St\u00fcck","rel":"","context":"\u00c4hnlicher Beitrag","block_context":{"text":"\u00c4hnlicher Beitrag","link":""},"img":{"alt_text":"","src":"https:\/\/i0.wp.com\/gabba-nation.com\/wp-content\/uploads\/2024\/09\/button.jpg?fit=1200%2C1084&ssl=1&resize=350%2C200","width":350,"height":200,"srcset":"https:\/\/i0.wp.com\/gabba-nation.com\/wp-content\/uploads\/2024\/09\/button.jpg?fit=1200%2C1084&ssl=1&resize=350%2C200 1x, https:\/\/i0.wp.com\/gabba-nation.com\/wp-content\/uploads\/2024\/09\/button.jpg?fit=1200%2C1084&ssl=1&resize=525%2C300 1.5x, https:\/\/i0.wp.com\/gabba-nation.com\/wp-content\/uploads\/2024\/09\/button.jpg?fit=1200%2C1084&ssl=1&resize=700%2C400 2x, https:\/\/i0.wp.com\/gabba-nation.com\/wp-content\/uploads\/2024\/09\/button.jpg?fit=1200%2C1084&ssl=1&resize=1050%2C600 3x"},"classes":[]},{"id":1056,"url":"https:\/\/gabba-nation.com\/?product=gn-sticker","url_meta":{"origin":865,"position":5},"title":"GN Sticker","author":"Fabian Baum","date":"April 4, 2025","format":false,"excerpt":"GN Sticker, 20 St\u00fcck A8-Quadrat, 4\/0-farbig, 90 \u00b5m PP transparent, gl\u00e4nzend","rel":"","context":"\u00c4hnlicher Beitrag","block_context":{"text":"\u00c4hnlicher Beitrag","link":""},"img":{"alt_text":"","src":"https:\/\/i0.wp.com\/gabba-nation.com\/wp-content\/uploads\/2025\/04\/Aufkleber-scaled.jpg?fit=1200%2C1051&ssl=1&resize=350%2C200","width":350,"height":200,"srcset":"https:\/\/i0.wp.com\/gabba-nation.com\/wp-content\/uploads\/2025\/04\/Aufkleber-scaled.jpg?fit=1200%2C1051&ssl=1&resize=350%2C200 1x, https:\/\/i0.wp.com\/gabba-nation.com\/wp-content\/uploads\/2025\/04\/Aufkleber-scaled.jpg?fit=1200%2C1051&ssl=1&resize=525%2C300 1.5x, https:\/\/i0.wp.com\/gabba-nation.com\/wp-content\/uploads\/2025\/04\/Aufkleber-scaled.jpg?fit=1200%2C1051&ssl=1&resize=700%2C400 2x, https:\/\/i0.wp.com\/gabba-nation.com\/wp-content\/uploads\/2025\/04\/Aufkleber-scaled.jpg?fit=1200%2C1051&ssl=1&resize=1050%2C600 3x"},"classes":[]}],"jetpack_sharing_enabled":true,"_links":{"self":[{"href":"https:\/\/gabba-nation.com\/index.php?rest_route=\/wp\/v2\/product\/865","targetHints":{"allow":["GET"]}}],"collection":[{"href":"https:\/\/gabba-nation.com\/index.php?rest_route=\/wp\/v2\/product"}],"about":[{"href":"https:\/\/gabba-nation.com\/index.php?rest_route=\/wp\/v2\/types\/product"}],"replies":[{"embeddable":true,"href":"https:\/\/gabba-nation.com\/index.php?rest_route=%2Fwp%2Fv2%2Fcomments&post=865"}],"wp:featuredmedia":[{"embeddable":true,"href":"https:\/\/gabba-nation.com\/index.php?rest_route=\/wp\/v2\/media\/897"}],"wp:attachment":[{"href":"https:\/\/gabba-nation.com\/index.php?rest_route=%2Fwp%2Fv2%2Fmedia&parent=865"}],"wp:term":[{"taxonomy":"product_brand","embeddable":true,"href":"https:\/\/gabba-nation.com\/index.php?rest_route=%2Fwp%2Fv2%2Fproduct_brand&post=865"},{"taxonomy":"product_cat","embeddable":true,"href":"https:\/\/gabba-nation.com\/index.php?rest_route=%2Fwp%2Fv2%2Fproduct_cat&post=865"},{"taxonomy":"product_tag","embeddable":true,"href":"https:\/\/gabba-nation.com\/index.php?rest_route=%2Fwp%2Fv2%2Fproduct_tag&post=865"}],"curies":[{"name":"wp","href":"https:\/\/api.w.org\/{rel}","templated":true}]}}