{"id":36,"date":"2015-05-11T20:53:28","date_gmt":"2015-05-11T20:53:28","guid":{"rendered":"http:\/\/v0r73x.chickenkiller.com\/wordpress\/?post_type=product&#038;p=36"},"modified":"2026-02-12T15:25:55","modified_gmt":"2026-02-12T15:25:55","slug":"gn-fahnenbanner","status":"publish","type":"product","link":"https:\/\/gabba-nation.com\/?product=gn-fahnenbanner","title":{"rendered":"GN Fahnenbanner"},"content":{"rendered":"<p>Schwarz-Gr\u00f6\u00dfe: 1,00m x 1,00m<\/p>\n","protected":false},"excerpt":{"rendered":"<p>Schwarz-Gr\u00f6\u00dfe: 1,00m x 1,00m<\/p>\n","protected":false},"featured_media":116,"comment_status":"closed","ping_status":"closed","template":"","meta":{"jetpack_post_was_ever_published":false,"jetpack_publicize_message":"","jetpack_publicize_feature_enabled":true,"jetpack_social_post_already_shared":false,"jetpack_social_options":{"image_generator_settings":{"template":"highway","default_image_id":0,"font":"","enabled":false},"version":2}},"product_brand":[],"product_cat":[8],"product_tag":[],"class_list":{"0":"post-36","1":"product","2":"type-product","3":"status-publish","4":"has-post-thumbnail","6":"product_cat-merch","7":"product_shipping_class-versand-merch","9":"first","10":"instock","11":"taxable","12":"shipping-taxable","13":"purchasable","14":"product-type-simple"},"jetpack_publicize_connections":[],"jetpack-related-posts":[{"id":1157,"url":"https:\/\/gabba-nation.com\/?product=gn-patch","url_meta":{"origin":36,"position":0},"title":"GN Patch","author":"Fabian Baum","date":"Mai 23, 2025","format":false,"excerpt":"Hochwertiger gestickter Patch Schwarz\/Silber 4.8 cm x 5.0 cm","rel":"","context":"\u00c4hnlicher Beitrag","block_context":{"text":"\u00c4hnlicher Beitrag","link":""},"img":{"alt_text":"","src":"https:\/\/i0.wp.com\/gabba-nation.com\/wp-content\/uploads\/2025\/05\/GN-Aufnaehe-silber_01.jpg?fit=709%2C567&ssl=1&resize=350%2C200","width":350,"height":200,"srcset":"https:\/\/i0.wp.com\/gabba-nation.com\/wp-content\/uploads\/2025\/05\/GN-Aufnaehe-silber_01.jpg?fit=709%2C567&ssl=1&resize=350%2C200 1x, https:\/\/i0.wp.com\/gabba-nation.com\/wp-content\/uploads\/2025\/05\/GN-Aufnaehe-silber_01.jpg?fit=709%2C567&ssl=1&resize=525%2C300 1.5x, https:\/\/i0.wp.com\/gabba-nation.com\/wp-content\/uploads\/2025\/05\/GN-Aufnaehe-silber_01.jpg?fit=709%2C567&ssl=1&resize=700%2C400 2x"},"classes":[]},{"id":22,"url":"https:\/\/gabba-nation.com\/?product=gn-girly-shirt","url_meta":{"origin":36,"position":1},"title":"GN Girly Shirt","author":"v0r73x","date":"Mai 11, 2015","format":false,"excerpt":"Schwarz-Gr\u00f6\u00dfen:S, M, L, XL, XXL \u00a0","rel":"","context":"\u00c4hnlicher Beitrag","block_context":{"text":"\u00c4hnlicher Beitrag","link":""},"img":{"alt_text":"","src":"https:\/\/i0.wp.com\/gabba-nation.com\/wp-content\/uploads\/2015\/05\/GN_oval_girl_front-cropped-e1470149964239.jpg?fit=390%2C416&ssl=1&resize=350%2C200","width":350,"height":200},"classes":[]},{"id":1006,"url":"https:\/\/gabba-nation.com\/?product=gn-classic-basecap","url_meta":{"origin":36,"position":2},"title":"GN Classic Basecap","author":"Fabian Baum","date":"Januar 15, 2025","format":false,"excerpt":"GN Classic Basecap 98% Polyester 2% Elastan, Schwarz Klettverschluss Stickfarbe: Quicksilver Stickgr\u00f6\u00dfe: ca. 4 cm breit Besonderheit: voll ausgestickt","rel":"","context":"\u00c4hnlicher Beitrag","block_context":{"text":"\u00c4hnlicher Beitrag","link":""},"img":{"alt_text":"","src":"https:\/\/i0.wp.com\/gabba-nation.com\/wp-content\/uploads\/2025\/01\/basecap-GN-Classic.jpg?fit=709%2C567&ssl=1&resize=350%2C200","width":350,"height":200,"srcset":"https:\/\/i0.wp.com\/gabba-nation.com\/wp-content\/uploads\/2025\/01\/basecap-GN-Classic.jpg?fit=709%2C567&ssl=1&resize=350%2C200 1x, https:\/\/i0.wp.com\/gabba-nation.com\/wp-content\/uploads\/2025\/01\/basecap-GN-Classic.jpg?fit=709%2C567&ssl=1&resize=525%2C300 1.5x, https:\/\/i0.wp.com\/gabba-nation.com\/wp-content\/uploads\/2025\/01\/basecap-GN-Classic.jpg?fit=709%2C567&ssl=1&resize=700%2C400 2x"},"classes":[]},{"id":28,"url":"https:\/\/gabba-nation.com\/?product=gn-classic-jacke","url_meta":{"origin":36,"position":3},"title":"GN Classic Jacke","author":"v0r73x","date":"Mai 11, 2015","format":false,"excerpt":"Gr\u00f6\u00dfen: S, M, L, XL, XXL, XXXL Farbe: Schwarz Hochwertiger Hoodie mit Rei\u00dfverschluss und langlebigem Siebdruck","rel":"","context":"\u00c4hnlicher Beitrag","block_context":{"text":"\u00c4hnlicher Beitrag","link":""},"img":{"alt_text":"","src":"https:\/\/i0.wp.com\/gabba-nation.com\/wp-content\/uploads\/2015\/05\/GabbaNation-Classic_jacke.jpg?fit=564%2C469&ssl=1&resize=350%2C200","width":350,"height":200,"srcset":"https:\/\/i0.wp.com\/gabba-nation.com\/wp-content\/uploads\/2015\/05\/GabbaNation-Classic_jacke.jpg?fit=564%2C469&ssl=1&resize=350%2C200 1x, https:\/\/i0.wp.com\/gabba-nation.com\/wp-content\/uploads\/2015\/05\/GabbaNation-Classic_jacke.jpg?fit=564%2C469&ssl=1&resize=525%2C300 1.5x"},"classes":[]},{"id":865,"url":"https:\/\/gabba-nation.com\/?product=beanis-muetze","url_meta":{"origin":36,"position":4},"title":"GN Classic Beanie","author":"v0r73x","date":"September 29, 2024","format":false,"excerpt":"GN Classic Beanie 100% Polyacryl, doppelt gestrickt, Schwarz Stickfarbe: Quicksilver Stickgr\u00f6\u00dfe: ca. 4 cm breit Besonderheit: voll ausgestickt","rel":"","context":"\u00c4hnlicher Beitrag","block_context":{"text":"\u00c4hnlicher Beitrag","link":""},"img":{"alt_text":"","src":"https:\/\/i0.wp.com\/gabba-nation.com\/wp-content\/uploads\/2024\/09\/GN-BEANIE-mit-Aufstick.jpg?fit=709%2C567&ssl=1&resize=350%2C200","width":350,"height":200,"srcset":"https:\/\/i0.wp.com\/gabba-nation.com\/wp-content\/uploads\/2024\/09\/GN-BEANIE-mit-Aufstick.jpg?fit=709%2C567&ssl=1&resize=350%2C200 1x, https:\/\/i0.wp.com\/gabba-nation.com\/wp-content\/uploads\/2024\/09\/GN-BEANIE-mit-Aufstick.jpg?fit=709%2C567&ssl=1&resize=525%2C300 1.5x, https:\/\/i0.wp.com\/gabba-nation.com\/wp-content\/uploads\/2024\/09\/GN-BEANIE-mit-Aufstick.jpg?fit=709%2C567&ssl=1&resize=700%2C400 2x"},"classes":[]},{"id":30,"url":"https:\/\/gabba-nation.com\/?product=gn-underground-t-shirt","url_meta":{"origin":36,"position":5},"title":"GN UHB T-Shirt","author":"v0r73x","date":"Mai 11, 2015","format":false,"excerpt":"Gr\u00f6\u00dfen: S, M, L, XL, XXL Farbe: Schwarz Hochwertiges SOL\u00b4S Imperial T-Shirt mit langlebigem Siebdruck","rel":"","context":"\u00c4hnlicher Beitrag","block_context":{"text":"\u00c4hnlicher Beitrag","link":""},"img":{"alt_text":"","src":"https:\/\/i0.wp.com\/gabba-nation.com\/wp-content\/uploads\/2015\/05\/GabbaNation-U.ground_t-shirt.jpg?fit=564%2C469&ssl=1&resize=350%2C200","width":350,"height":200,"srcset":"https:\/\/i0.wp.com\/gabba-nation.com\/wp-content\/uploads\/2015\/05\/GabbaNation-U.ground_t-shirt.jpg?fit=564%2C469&ssl=1&resize=350%2C200 1x, https:\/\/i0.wp.com\/gabba-nation.com\/wp-content\/uploads\/2015\/05\/GabbaNation-U.ground_t-shirt.jpg?fit=564%2C469&ssl=1&resize=525%2C300 1.5x"},"classes":[]}],"jetpack_sharing_enabled":true,"_links":{"self":[{"href":"https:\/\/gabba-nation.com\/index.php?rest_route=\/wp\/v2\/product\/36","targetHints":{"allow":["GET"]}}],"collection":[{"href":"https:\/\/gabba-nation.com\/index.php?rest_route=\/wp\/v2\/product"}],"about":[{"href":"https:\/\/gabba-nation.com\/index.php?rest_route=\/wp\/v2\/types\/product"}],"replies":[{"embeddable":true,"href":"https:\/\/gabba-nation.com\/index.php?rest_route=%2Fwp%2Fv2%2Fcomments&post=36"}],"wp:featuredmedia":[{"embeddable":true,"href":"https:\/\/gabba-nation.com\/index.php?rest_route=\/wp\/v2\/media\/116"}],"wp:attachment":[{"href":"https:\/\/gabba-nation.com\/index.php?rest_route=%2Fwp%2Fv2%2Fmedia&parent=36"}],"wp:term":[{"taxonomy":"product_brand","embeddable":true,"href":"https:\/\/gabba-nation.com\/index.php?rest_route=%2Fwp%2Fv2%2Fproduct_brand&post=36"},{"taxonomy":"product_cat","embeddable":true,"href":"https:\/\/gabba-nation.com\/index.php?rest_route=%2Fwp%2Fv2%2Fproduct_cat&post=36"},{"taxonomy":"product_tag","embeddable":true,"href":"https:\/\/gabba-nation.com\/index.php?rest_route=%2Fwp%2Fv2%2Fproduct_tag&post=36"}],"curies":[{"name":"wp","href":"https:\/\/api.w.org\/{rel}","templated":true}]}}