{"id":22,"date":"2015-05-11T20:10:40","date_gmt":"2015-05-11T20:10:40","guid":{"rendered":"http:\/\/v0r73x.chickenkiller.com\/wordpress\/?post_type=product&#038;p=22"},"modified":"2025-10-31T18:56:47","modified_gmt":"2025-10-31T18:56:47","slug":"gn-girly-shirt","status":"publish","type":"product","link":"https:\/\/gabba-nation.com\/?product=gn-girly-shirt","title":{"rendered":"GN Girly Shirt"},"content":{"rendered":"<p>Gr\u00f6\u00dfen: S, M, L, XL, XXL<\/p>\n<p>Farbe: Schwarz<\/p>\n<p>Hochwertiges SOL\u00b4S Imperial Girly-Shirt mit langlebigem Siebdruck<\/p>\n","protected":false},"excerpt":{"rendered":"<p>Schwarz-Gr\u00f6\u00dfen:S, M, L, XL, XXL<\/p>\n<p><span style=\"color: #333333; font-size: 13px; font-style: normal; line-height: 18px;\">\u00a0<\/span> <a href=\"https:\/\/gabba-nation.com\/?product=gn-girly-shirt\">Weiterlesen <span class=\"meta-nav\">&rarr;<\/span><\/a><\/p>\n","protected":false},"featured_media":321,"comment_status":"closed","ping_status":"closed","template":"","meta":{"jetpack_post_was_ever_published":false,"jetpack_publicize_message":"","jetpack_publicize_feature_enabled":true,"jetpack_social_post_already_shared":false,"jetpack_social_options":{"image_generator_settings":{"template":"highway","default_image_id":0,"font":"","enabled":false},"version":2}},"product_brand":[],"product_cat":[11],"product_tag":[],"class_list":{"0":"post-22","1":"product","2":"type-product","3":"status-publish","4":"has-post-thumbnail","6":"product_cat-t-shirts","7":"product_shipping_class-versand-tshirt","9":"first","10":"instock","11":"taxable","12":"shipping-taxable","13":"purchasable","14":"product-type-variable"},"jetpack_publicize_connections":[],"jetpack-related-posts":[{"id":30,"url":"https:\/\/gabba-nation.com\/?product=gn-underground-t-shirt","url_meta":{"origin":22,"position":0},"title":"GN UHB T-Shirt","author":"v0r73x","date":"Mai 11, 2015","format":false,"excerpt":"Gr\u00f6\u00dfen: S, M, L, XL, XXL Farbe: Schwarz Hochwertiges SOL\u00b4S Imperial T-Shirt mit langlebigem Siebdruck","rel":"","context":"\u00c4hnlicher Beitrag","block_context":{"text":"\u00c4hnlicher Beitrag","link":""},"img":{"alt_text":"","src":"https:\/\/i0.wp.com\/gabba-nation.com\/wp-content\/uploads\/2015\/05\/GabbaNation-U.ground_t-shirt.jpg?fit=564%2C469&ssl=1&resize=350%2C200","width":350,"height":200,"srcset":"https:\/\/i0.wp.com\/gabba-nation.com\/wp-content\/uploads\/2015\/05\/GabbaNation-U.ground_t-shirt.jpg?fit=564%2C469&ssl=1&resize=350%2C200 1x, https:\/\/i0.wp.com\/gabba-nation.com\/wp-content\/uploads\/2015\/05\/GabbaNation-U.ground_t-shirt.jpg?fit=564%2C469&ssl=1&resize=525%2C300 1.5x"},"classes":[]},{"id":1122,"url":"https:\/\/gabba-nation.com\/?product=brainfire-tour-t-shirt","url_meta":{"origin":22,"position":1},"title":"BRAINFIRE Event-T-Shirt","author":"v0r73x","date":"April 30, 2025","format":false,"excerpt":"Gr\u00f6\u00dfen: S, M, L, XL, XXL, 3XL, 4XL Farbe: Schwarz Hochwertiges SOL\u00b4S Imperial T-Shirt mit langlebigem Siebdruck","rel":"","context":"\u00c4hnlicher Beitrag","block_context":{"text":"\u00c4hnlicher Beitrag","link":""},"img":{"alt_text":"","src":"https:\/\/i0.wp.com\/gabba-nation.com\/wp-content\/uploads\/2025\/04\/Brainfire-Spezial-260425.jpg?fit=564%2C469&ssl=1&resize=350%2C200","width":350,"height":200,"srcset":"https:\/\/i0.wp.com\/gabba-nation.com\/wp-content\/uploads\/2025\/04\/Brainfire-Spezial-260425.jpg?fit=564%2C469&ssl=1&resize=350%2C200 1x, https:\/\/i0.wp.com\/gabba-nation.com\/wp-content\/uploads\/2025\/04\/Brainfire-Spezial-260425.jpg?fit=564%2C469&ssl=1&resize=525%2C300 1.5x"},"classes":[]},{"id":26,"url":"https:\/\/gabba-nation.com\/?product=gn-classic-t-shirt","url_meta":{"origin":22,"position":2},"title":"GN Classic T-Shirt","author":"v0r73x","date":"Mai 11, 2015","format":false,"excerpt":"Gr\u00f6\u00dfen: S, M, L, XL, XXL, XXXL, XXXXL Farbe: Schwarz Hochwertiges SOL\u00b4S Imperial T-Shirt mit langlebigem Siebdruck","rel":"","context":"\u00c4hnlicher Beitrag","block_context":{"text":"\u00c4hnlicher Beitrag","link":""},"img":{"alt_text":"","src":"https:\/\/i0.wp.com\/gabba-nation.com\/wp-content\/uploads\/2015\/05\/GabbaNation-Classic_t-shirt.jpg?fit=564%2C469&ssl=1&resize=350%2C200","width":350,"height":200,"srcset":"https:\/\/i0.wp.com\/gabba-nation.com\/wp-content\/uploads\/2015\/05\/GabbaNation-Classic_t-shirt.jpg?fit=564%2C469&ssl=1&resize=350%2C200 1x, https:\/\/i0.wp.com\/gabba-nation.com\/wp-content\/uploads\/2015\/05\/GabbaNation-Classic_t-shirt.jpg?fit=564%2C469&ssl=1&resize=525%2C300 1.5x"},"classes":[]},{"id":1234,"url":"https:\/\/gabba-nation.com\/?product=brainfire-tour-t-shirt-kopie","url_meta":{"origin":22,"position":3},"title":"BRAINFIRE &#8211; nbnp Event-T-Shirt","author":"v0r73x","date":"November 21, 2025","format":false,"excerpt":"Gr\u00f6\u00dfen: S, M, L, XL, XXL, 3XL, 4XL Farbe: Schwarz Hochwertiges SOL\u00b4S Imperial T-Shirt mit langlebigem Siebdruck","rel":"","context":"\u00c4hnlicher Beitrag","block_context":{"text":"\u00c4hnlicher Beitrag","link":""},"img":{"alt_text":"","src":"https:\/\/i0.wp.com\/gabba-nation.com\/wp-content\/uploads\/2025\/11\/FF-SHIRT-orange.jpg?fit=961%2C670&ssl=1&resize=350%2C200","width":350,"height":200,"srcset":"https:\/\/i0.wp.com\/gabba-nation.com\/wp-content\/uploads\/2025\/11\/FF-SHIRT-orange.jpg?fit=961%2C670&ssl=1&resize=350%2C200 1x, https:\/\/i0.wp.com\/gabba-nation.com\/wp-content\/uploads\/2025\/11\/FF-SHIRT-orange.jpg?fit=961%2C670&ssl=1&resize=525%2C300 1.5x, https:\/\/i0.wp.com\/gabba-nation.com\/wp-content\/uploads\/2025\/11\/FF-SHIRT-orange.jpg?fit=961%2C670&ssl=1&resize=700%2C400 2x"},"classes":[]},{"id":28,"url":"https:\/\/gabba-nation.com\/?product=gn-classic-jacke","url_meta":{"origin":22,"position":4},"title":"GN Classic Jacke","author":"v0r73x","date":"Mai 11, 2015","format":false,"excerpt":"Gr\u00f6\u00dfen: S, M, L, XL, XXL, XXXL Farbe: Schwarz Hochwertiger Hoodie mit Rei\u00dfverschluss und langlebigem Siebdruck","rel":"","context":"\u00c4hnlicher Beitrag","block_context":{"text":"\u00c4hnlicher Beitrag","link":""},"img":{"alt_text":"","src":"https:\/\/i0.wp.com\/gabba-nation.com\/wp-content\/uploads\/2015\/05\/GabbaNation-Classic_jacke.jpg?fit=564%2C469&ssl=1&resize=350%2C200","width":350,"height":200,"srcset":"https:\/\/i0.wp.com\/gabba-nation.com\/wp-content\/uploads\/2015\/05\/GabbaNation-Classic_jacke.jpg?fit=564%2C469&ssl=1&resize=350%2C200 1x, https:\/\/i0.wp.com\/gabba-nation.com\/wp-content\/uploads\/2015\/05\/GabbaNation-Classic_jacke.jpg?fit=564%2C469&ssl=1&resize=525%2C300 1.5x"},"classes":[]},{"id":1009,"url":"https:\/\/gabba-nation.com\/?product=gn-classic-polo","url_meta":{"origin":22,"position":5},"title":"GN Classic Polo","author":"Fabian Baum","date":"Januar 15, 2025","format":false,"excerpt":"Gr\u00f6\u00dfen:\u00a0 M, L, XL, XXL, 3XL Hochwertiges Polo Hemd mit langlebigem Stick Farbe: Schwarz Stickfarbe: Quicksilver Stickgr\u00f6\u00dfe: ca. 4 cm breit, voll ausgestickt \u00a0 \u00a0","rel":"","context":"\u00c4hnlicher Beitrag","block_context":{"text":"\u00c4hnlicher Beitrag","link":""},"img":{"alt_text":"","src":"https:\/\/i0.wp.com\/gabba-nation.com\/wp-content\/uploads\/2025\/01\/GN-Classic-Polo.jpg?fit=709%2C567&ssl=1&resize=350%2C200","width":350,"height":200,"srcset":"https:\/\/i0.wp.com\/gabba-nation.com\/wp-content\/uploads\/2025\/01\/GN-Classic-Polo.jpg?fit=709%2C567&ssl=1&resize=350%2C200 1x, https:\/\/i0.wp.com\/gabba-nation.com\/wp-content\/uploads\/2025\/01\/GN-Classic-Polo.jpg?fit=709%2C567&ssl=1&resize=525%2C300 1.5x, https:\/\/i0.wp.com\/gabba-nation.com\/wp-content\/uploads\/2025\/01\/GN-Classic-Polo.jpg?fit=709%2C567&ssl=1&resize=700%2C400 2x"},"classes":[]}],"jetpack_sharing_enabled":false,"_links":{"self":[{"href":"https:\/\/gabba-nation.com\/index.php?rest_route=\/wp\/v2\/product\/22","targetHints":{"allow":["GET"]}}],"collection":[{"href":"https:\/\/gabba-nation.com\/index.php?rest_route=\/wp\/v2\/product"}],"about":[{"href":"https:\/\/gabba-nation.com\/index.php?rest_route=\/wp\/v2\/types\/product"}],"replies":[{"embeddable":true,"href":"https:\/\/gabba-nation.com\/index.php?rest_route=%2Fwp%2Fv2%2Fcomments&post=22"}],"wp:featuredmedia":[{"embeddable":true,"href":"https:\/\/gabba-nation.com\/index.php?rest_route=\/wp\/v2\/media\/321"}],"wp:attachment":[{"href":"https:\/\/gabba-nation.com\/index.php?rest_route=%2Fwp%2Fv2%2Fmedia&parent=22"}],"wp:term":[{"taxonomy":"product_brand","embeddable":true,"href":"https:\/\/gabba-nation.com\/index.php?rest_route=%2Fwp%2Fv2%2Fproduct_brand&post=22"},{"taxonomy":"product_cat","embeddable":true,"href":"https:\/\/gabba-nation.com\/index.php?rest_route=%2Fwp%2Fv2%2Fproduct_cat&post=22"},{"taxonomy":"product_tag","embeddable":true,"href":"https:\/\/gabba-nation.com\/index.php?rest_route=%2Fwp%2Fv2%2Fproduct_tag&post=22"}],"curies":[{"name":"wp","href":"https:\/\/api.w.org\/{rel}","templated":true}]}}