{"id":1308,"date":"2026-03-09T11:12:41","date_gmt":"2026-03-09T11:12:41","guid":{"rendered":"https:\/\/gabba-nation.com\/?post_type=product&#038;p=1308"},"modified":"2026-03-09T11:37:40","modified_gmt":"2026-03-09T11:37:40","slug":"dj-beagle-ep-the-anniversary","status":"publish","type":"product","link":"https:\/\/gabba-nation.com\/?product=dj-beagle-ep-the-anniversary","title":{"rendered":"DJ BEAGLE EP -THE ANNIVERSARY-"},"content":{"rendered":"<p><span style=\"font-size: 18pt;\"><strong>Release 25|04|26<\/strong><\/span><\/p>\n<p><span style=\"font-size: 14pt;\"><strong>DJ BEAGLE<\/strong> <strong>\u2013 THE ANNIVERSARY EP<\/strong><\/span><\/p>\n<p><strong>GNR09 Release 2026 \/ <\/strong>Vinyl Schallplatte EP<\/p>\n<p>Die neue Vinyl von Gabba Nation Records.<\/p>\n<p>Titel auf der Platte:<\/p>\n<p><strong>JAGGED &#8211; <\/strong><em>BEAGLE<\/em><\/p>\n<p><strong>BLAZIN<\/strong> &#8211;<em> APAC<\/em><\/p>\n<p><strong>TO BETTEL<\/strong> \u2013 <em>THE DESTROYER REMIX<\/em><\/p>\n<p><strong>AAAARGGGGGHHHH &#8211;<\/strong> <em>KCMA vs. BEAGLE<\/em><\/p>\n<p>&nbsp;<\/p>\n<p>&nbsp;<\/p>\n<p>&nbsp;<\/p>\n","protected":false},"excerpt":{"rendered":"<p>Release 25|04|26 DJ BEAGLE \u2013 THE ANNIVERSARY EP GNR09 Release 2026 \/ Vinyl Schallplatte EP Die neue Vinyl von Gabba Nation Records. Titel auf der Platte: JAGGED &#8211; BEAGLE BLAZIN &#8211; APAC TO BETTEL \u2013 THE DESTROYER REMIX AAAARGGGGGHHHH &#8211; &hellip; <a href=\"https:\/\/gabba-nation.com\/?product=dj-beagle-ep-the-anniversary\">Weiterlesen <span class=\"meta-nav\">&rarr;<\/span><\/a><\/p>\n","protected":false},"featured_media":1312,"comment_status":"closed","ping_status":"closed","template":"","meta":{"jetpack_post_was_ever_published":false,"jetpack_publicize_message":"","jetpack_publicize_feature_enabled":true,"jetpack_social_post_already_shared":true,"jetpack_social_options":{"image_generator_settings":{"template":"highway","default_image_id":0,"font":"","enabled":false},"version":2}},"product_brand":[],"product_cat":[8],"product_tag":[],"class_list":{"0":"post-1308","1":"product","2":"type-product","3":"status-publish","4":"has-post-thumbnail","6":"product_cat-merch","8":"first","9":"outofstock","10":"taxable","11":"shipping-taxable","12":"purchasable","13":"product-type-simple"},"jetpack_publicize_connections":[],"jetpack-related-posts":[{"id":866,"url":"https:\/\/gabba-nation.com\/?product=866","url_meta":{"origin":1308,"position":0},"title":"Serialkiller","author":"v0r73x","date":"September 29, 2024","format":false,"excerpt":"Serialkiller GNR08 Release 2003 \/ Vinyl Schallplatte EP Eine sehr seltene Rarit\u00e4t, \u00fcber 20 Jahre sicher eingelagert und jetzt wieder erh\u00e4ltlich. Titel auf der Platte: Serialkiller - Sascha Unreal Trip - Der T\u00f6pper Asses of Fire - The Speedfreak Like this DJ - Fast Eddy \u00a0","rel":"","context":"\u00c4hnlicher Beitrag","block_context":{"text":"\u00c4hnlicher Beitrag","link":""},"img":{"alt_text":"","src":"https:\/\/i0.wp.com\/gabba-nation.com\/wp-content\/uploads\/2024\/09\/GNR-08-Vorderseite-scaled.jpg?fit=1200%2C901&ssl=1&resize=350%2C200","width":350,"height":200,"srcset":"https:\/\/i0.wp.com\/gabba-nation.com\/wp-content\/uploads\/2024\/09\/GNR-08-Vorderseite-scaled.jpg?fit=1200%2C901&ssl=1&resize=350%2C200 1x, https:\/\/i0.wp.com\/gabba-nation.com\/wp-content\/uploads\/2024\/09\/GNR-08-Vorderseite-scaled.jpg?fit=1200%2C901&ssl=1&resize=525%2C300 1.5x, https:\/\/i0.wp.com\/gabba-nation.com\/wp-content\/uploads\/2024\/09\/GNR-08-Vorderseite-scaled.jpg?fit=1200%2C901&ssl=1&resize=700%2C400 2x, https:\/\/i0.wp.com\/gabba-nation.com\/wp-content\/uploads\/2024\/09\/GNR-08-Vorderseite-scaled.jpg?fit=1200%2C901&ssl=1&resize=1050%2C600 3x"},"classes":[]},{"id":1031,"url":"https:\/\/gabba-nation.com\/?product=first-compilation-the-best-of-ten-years-release-2002","url_meta":{"origin":1308,"position":1},"title":"First Compilation","author":"Fabian Baum","date":"Januar 21, 2025","format":false,"excerpt":"First Compilation -the best of ten years- Release 2002 \/ Compact Disc \u00a0 \u00a0 \u00a0 \u00a0 \u00a0","rel":"","context":"\u00c4hnlicher Beitrag","block_context":{"text":"\u00c4hnlicher Beitrag","link":""},"img":{"alt_text":"","src":"https:\/\/i0.wp.com\/gabba-nation.com\/wp-content\/uploads\/2025\/01\/First-Compilation-Vorderseite-scaled.jpg?fit=1200%2C901&ssl=1&resize=350%2C200","width":350,"height":200,"srcset":"https:\/\/i0.wp.com\/gabba-nation.com\/wp-content\/uploads\/2025\/01\/First-Compilation-Vorderseite-scaled.jpg?fit=1200%2C901&ssl=1&resize=350%2C200 1x, https:\/\/i0.wp.com\/gabba-nation.com\/wp-content\/uploads\/2025\/01\/First-Compilation-Vorderseite-scaled.jpg?fit=1200%2C901&ssl=1&resize=525%2C300 1.5x, https:\/\/i0.wp.com\/gabba-nation.com\/wp-content\/uploads\/2025\/01\/First-Compilation-Vorderseite-scaled.jpg?fit=1200%2C901&ssl=1&resize=700%2C400 2x, https:\/\/i0.wp.com\/gabba-nation.com\/wp-content\/uploads\/2025\/01\/First-Compilation-Vorderseite-scaled.jpg?fit=1200%2C901&ssl=1&resize=1050%2C600 3x"},"classes":[]}],"jetpack_sharing_enabled":true,"_links":{"self":[{"href":"https:\/\/gabba-nation.com\/index.php?rest_route=\/wp\/v2\/product\/1308","targetHints":{"allow":["GET"]}}],"collection":[{"href":"https:\/\/gabba-nation.com\/index.php?rest_route=\/wp\/v2\/product"}],"about":[{"href":"https:\/\/gabba-nation.com\/index.php?rest_route=\/wp\/v2\/types\/product"}],"replies":[{"embeddable":true,"href":"https:\/\/gabba-nation.com\/index.php?rest_route=%2Fwp%2Fv2%2Fcomments&post=1308"}],"wp:featuredmedia":[{"embeddable":true,"href":"https:\/\/gabba-nation.com\/index.php?rest_route=\/wp\/v2\/media\/1312"}],"wp:attachment":[{"href":"https:\/\/gabba-nation.com\/index.php?rest_route=%2Fwp%2Fv2%2Fmedia&parent=1308"}],"wp:term":[{"taxonomy":"product_brand","embeddable":true,"href":"https:\/\/gabba-nation.com\/index.php?rest_route=%2Fwp%2Fv2%2Fproduct_brand&post=1308"},{"taxonomy":"product_cat","embeddable":true,"href":"https:\/\/gabba-nation.com\/index.php?rest_route=%2Fwp%2Fv2%2Fproduct_cat&post=1308"},{"taxonomy":"product_tag","embeddable":true,"href":"https:\/\/gabba-nation.com\/index.php?rest_route=%2Fwp%2Fv2%2Fproduct_tag&post=1308"}],"curies":[{"name":"wp","href":"https:\/\/api.w.org\/{rel}","templated":true}]}}