{"id":1056,"date":"2025-04-04T01:26:21","date_gmt":"2025-04-04T01:26:21","guid":{"rendered":"https:\/\/gabba-nation.com\/?post_type=product&#038;p=1056"},"modified":"2025-11-26T21:18:17","modified_gmt":"2025-11-26T21:18:17","slug":"gn-sticker","status":"publish","type":"product","link":"https:\/\/gabba-nation.com\/?product=gn-sticker","title":{"rendered":"GN Sticker"},"content":{"rendered":"<h5 class=\"orderOverviewItemTitle\">GN Sticker, 20 St\u00fcck<\/h5>\n<h5 class=\"orderOverviewItemTitle\">A8-Quadrat, 4\/0-farbig, 90 \u00b5m PP transparent, gl\u00e4nzend<\/h5>\n","protected":false},"excerpt":{"rendered":"<p>GN Sticker, 20 St\u00fcck A8-Quadrat, 4\/0-farbig, 90 \u00b5m PP transparent, gl\u00e4nzend<\/p>\n","protected":false},"featured_media":1102,"comment_status":"closed","ping_status":"closed","template":"","meta":{"jetpack_post_was_ever_published":false,"jetpack_publicize_message":"","jetpack_publicize_feature_enabled":true,"jetpack_social_post_already_shared":true,"jetpack_social_options":{"image_generator_settings":{"template":"highway","default_image_id":0,"font":"","enabled":false},"version":2}},"product_brand":[],"product_cat":[8],"product_tag":[],"class_list":{"0":"post-1056","1":"product","2":"type-product","3":"status-publish","4":"has-post-thumbnail","6":"product_cat-merch","8":"first","9":"instock","10":"taxable","11":"shipping-taxable","12":"purchasable","13":"product-type-simple"},"jetpack_publicize_connections":[],"jetpack-related-posts":[{"id":862,"url":"https:\/\/gabba-nation.com\/?product=gn-buttons","url_meta":{"origin":1056,"position":0},"title":"GN Buttons","author":"v0r73x","date":"September 29, 2024","format":false,"excerpt":"GN Buttons: 2,5 cm Anzahl: 5 St\u00fcck","rel":"","context":"\u00c4hnlicher Beitrag","block_context":{"text":"\u00c4hnlicher Beitrag","link":""},"img":{"alt_text":"","src":"https:\/\/i0.wp.com\/gabba-nation.com\/wp-content\/uploads\/2024\/09\/button.jpg?fit=1200%2C1084&ssl=1&resize=350%2C200","width":350,"height":200,"srcset":"https:\/\/i0.wp.com\/gabba-nation.com\/wp-content\/uploads\/2024\/09\/button.jpg?fit=1200%2C1084&ssl=1&resize=350%2C200 1x, https:\/\/i0.wp.com\/gabba-nation.com\/wp-content\/uploads\/2024\/09\/button.jpg?fit=1200%2C1084&ssl=1&resize=525%2C300 1.5x, https:\/\/i0.wp.com\/gabba-nation.com\/wp-content\/uploads\/2024\/09\/button.jpg?fit=1200%2C1084&ssl=1&resize=700%2C400 2x, https:\/\/i0.wp.com\/gabba-nation.com\/wp-content\/uploads\/2024\/09\/button.jpg?fit=1200%2C1084&ssl=1&resize=1050%2C600 3x"},"classes":[]},{"id":1006,"url":"https:\/\/gabba-nation.com\/?product=gn-classic-basecap","url_meta":{"origin":1056,"position":1},"title":"GN Classic Basecap","author":"Fabian Baum","date":"Januar 15, 2025","format":false,"excerpt":"GN Classic Basecap 98% Polyester 2% Elastan, Schwarz Klettverschluss Stickfarbe: Quicksilver Stickgr\u00f6\u00dfe: ca. 4 cm breit Besonderheit: voll ausgestickt","rel":"","context":"\u00c4hnlicher Beitrag","block_context":{"text":"\u00c4hnlicher Beitrag","link":""},"img":{"alt_text":"","src":"https:\/\/i0.wp.com\/gabba-nation.com\/wp-content\/uploads\/2025\/01\/basecap-GN-Classic.jpg?fit=709%2C567&ssl=1&resize=350%2C200","width":350,"height":200,"srcset":"https:\/\/i0.wp.com\/gabba-nation.com\/wp-content\/uploads\/2025\/01\/basecap-GN-Classic.jpg?fit=709%2C567&ssl=1&resize=350%2C200 1x, https:\/\/i0.wp.com\/gabba-nation.com\/wp-content\/uploads\/2025\/01\/basecap-GN-Classic.jpg?fit=709%2C567&ssl=1&resize=525%2C300 1.5x, https:\/\/i0.wp.com\/gabba-nation.com\/wp-content\/uploads\/2025\/01\/basecap-GN-Classic.jpg?fit=709%2C567&ssl=1&resize=700%2C400 2x"},"classes":[]},{"id":865,"url":"https:\/\/gabba-nation.com\/?product=beanis-muetze","url_meta":{"origin":1056,"position":2},"title":"GN Classic Beanie","author":"v0r73x","date":"September 29, 2024","format":false,"excerpt":"GN Classic Beanie 100% Polyacryl, doppelt gestrickt, Schwarz Stickfarbe: Quicksilver Stickgr\u00f6\u00dfe: ca. 4 cm breit Besonderheit: voll ausgestickt","rel":"","context":"\u00c4hnlicher Beitrag","block_context":{"text":"\u00c4hnlicher Beitrag","link":""},"img":{"alt_text":"","src":"https:\/\/i0.wp.com\/gabba-nation.com\/wp-content\/uploads\/2024\/09\/GN-BEANIE-mit-Aufstick.jpg?fit=709%2C567&ssl=1&resize=350%2C200","width":350,"height":200,"srcset":"https:\/\/i0.wp.com\/gabba-nation.com\/wp-content\/uploads\/2024\/09\/GN-BEANIE-mit-Aufstick.jpg?fit=709%2C567&ssl=1&resize=350%2C200 1x, https:\/\/i0.wp.com\/gabba-nation.com\/wp-content\/uploads\/2024\/09\/GN-BEANIE-mit-Aufstick.jpg?fit=709%2C567&ssl=1&resize=525%2C300 1.5x, https:\/\/i0.wp.com\/gabba-nation.com\/wp-content\/uploads\/2024\/09\/GN-BEANIE-mit-Aufstick.jpg?fit=709%2C567&ssl=1&resize=700%2C400 2x"},"classes":[]},{"id":1009,"url":"https:\/\/gabba-nation.com\/?product=gn-classic-polo","url_meta":{"origin":1056,"position":3},"title":"GN Classic Polo","author":"Fabian Baum","date":"Januar 15, 2025","format":false,"excerpt":"Gr\u00f6\u00dfen:\u00a0 M, L, XL, XXL, 3XL Hochwertiges Polo Hemd mit langlebigem Stick Farbe: Schwarz Stickfarbe: Quicksilver Stickgr\u00f6\u00dfe: ca. 4 cm breit, voll ausgestickt \u00a0 \u00a0","rel":"","context":"\u00c4hnlicher Beitrag","block_context":{"text":"\u00c4hnlicher Beitrag","link":""},"img":{"alt_text":"","src":"https:\/\/i0.wp.com\/gabba-nation.com\/wp-content\/uploads\/2025\/01\/GN-Classic-Polo.jpg?fit=709%2C567&ssl=1&resize=350%2C200","width":350,"height":200,"srcset":"https:\/\/i0.wp.com\/gabba-nation.com\/wp-content\/uploads\/2025\/01\/GN-Classic-Polo.jpg?fit=709%2C567&ssl=1&resize=350%2C200 1x, https:\/\/i0.wp.com\/gabba-nation.com\/wp-content\/uploads\/2025\/01\/GN-Classic-Polo.jpg?fit=709%2C567&ssl=1&resize=525%2C300 1.5x, https:\/\/i0.wp.com\/gabba-nation.com\/wp-content\/uploads\/2025\/01\/GN-Classic-Polo.jpg?fit=709%2C567&ssl=1&resize=700%2C400 2x"},"classes":[]},{"id":36,"url":"https:\/\/gabba-nation.com\/?product=gn-fahnenbanner","url_meta":{"origin":1056,"position":4},"title":"GN Fahnenbanner","author":"v0r73x","date":"Mai 11, 2015","format":false,"excerpt":"Schwarz-Gr\u00f6\u00dfe: 1,00m x 1,00m","rel":"","context":"\u00c4hnlicher Beitrag","block_context":{"text":"\u00c4hnlicher Beitrag","link":""},"img":{"alt_text":"","src":"https:\/\/i0.wp.com\/gabba-nation.com\/wp-content\/uploads\/2015\/05\/GN-banner-gn_web.jpg?fit=283%2C283&ssl=1&resize=350%2C200","width":350,"height":200},"classes":[]},{"id":1157,"url":"https:\/\/gabba-nation.com\/?product=gn-patch","url_meta":{"origin":1056,"position":5},"title":"GN Patch","author":"Fabian Baum","date":"Mai 23, 2025","format":false,"excerpt":"Hochwertiger gestickter Patch Schwarz\/Silber 4.8 cm x 5.0 cm","rel":"","context":"\u00c4hnlicher Beitrag","block_context":{"text":"\u00c4hnlicher Beitrag","link":""},"img":{"alt_text":"","src":"https:\/\/i0.wp.com\/gabba-nation.com\/wp-content\/uploads\/2025\/05\/GN-Aufnaehe-silber_01.jpg?fit=709%2C567&ssl=1&resize=350%2C200","width":350,"height":200,"srcset":"https:\/\/i0.wp.com\/gabba-nation.com\/wp-content\/uploads\/2025\/05\/GN-Aufnaehe-silber_01.jpg?fit=709%2C567&ssl=1&resize=350%2C200 1x, https:\/\/i0.wp.com\/gabba-nation.com\/wp-content\/uploads\/2025\/05\/GN-Aufnaehe-silber_01.jpg?fit=709%2C567&ssl=1&resize=525%2C300 1.5x, https:\/\/i0.wp.com\/gabba-nation.com\/wp-content\/uploads\/2025\/05\/GN-Aufnaehe-silber_01.jpg?fit=709%2C567&ssl=1&resize=700%2C400 2x"},"classes":[]}],"jetpack_sharing_enabled":true,"_links":{"self":[{"href":"https:\/\/gabba-nation.com\/index.php?rest_route=\/wp\/v2\/product\/1056","targetHints":{"allow":["GET"]}}],"collection":[{"href":"https:\/\/gabba-nation.com\/index.php?rest_route=\/wp\/v2\/product"}],"about":[{"href":"https:\/\/gabba-nation.com\/index.php?rest_route=\/wp\/v2\/types\/product"}],"replies":[{"embeddable":true,"href":"https:\/\/gabba-nation.com\/index.php?rest_route=%2Fwp%2Fv2%2Fcomments&post=1056"}],"wp:featuredmedia":[{"embeddable":true,"href":"https:\/\/gabba-nation.com\/index.php?rest_route=\/wp\/v2\/media\/1102"}],"wp:attachment":[{"href":"https:\/\/gabba-nation.com\/index.php?rest_route=%2Fwp%2Fv2%2Fmedia&parent=1056"}],"wp:term":[{"taxonomy":"product_brand","embeddable":true,"href":"https:\/\/gabba-nation.com\/index.php?rest_route=%2Fwp%2Fv2%2Fproduct_brand&post=1056"},{"taxonomy":"product_cat","embeddable":true,"href":"https:\/\/gabba-nation.com\/index.php?rest_route=%2Fwp%2Fv2%2Fproduct_cat&post=1056"},{"taxonomy":"product_tag","embeddable":true,"href":"https:\/\/gabba-nation.com\/index.php?rest_route=%2Fwp%2Fv2%2Fproduct_tag&post=1056"}],"curies":[{"name":"wp","href":"https:\/\/api.w.org\/{rel}","templated":true}]}}