{"id":292,"date":"2016-08-01T08:13:35","date_gmt":"2016-08-01T08:13:35","guid":{"rendered":"http:\/\/s751037990.online.de\/?page_id=292"},"modified":"2024-09-29T21:43:37","modified_gmt":"2024-09-29T21:43:37","slug":"impressum","status":"publish","type":"page","link":"https:\/\/gabba-nation.com\/?page_id=292","title":{"rendered":"Impressum"},"content":{"rendered":"\n<p>Angaben gem\u00e4\u00df \u00a7 5 TMG<\/p>\n\n\n\n<p>Fabian, Baum<br>Baum Marketing &amp; Event<br>Sch\u00f6nholzer Str., 6a<br>13187 Berlin<\/p>\n\n\n\n<h2 class=\"wp-block-heading\">Kontakt<\/h2>\n\n\n\n<p>Telefon: 03021606469<br>E-Mail:&nbsp;<span id=\"cloak48899\"><a href=\"mailto:agentur-baum@email.de\">agentur-baum@email.de<\/a><\/span><\/p>\n\n\n\n<h2 class=\"wp-block-heading\">Umsatzsteuer-ID<\/h2>\n\n\n\n<p>Umsatzsteuer-Identifikationsnummer gem\u00e4\u00df \u00a727 a Umsatzsteuergesetz<br>DE250222576<\/p>\n\n\n\n<h2 class=\"wp-block-heading\">Haftungsausschluss<\/h2>\n\n\n\n<p>Haftung f\u00fcr Inhalte<br>Die Inhalte unserer Seiten wurden mit gr\u00f6\u00dfter Sorgfalt erstellt. F\u00fcr die Richtigkeit, Vollst\u00e4ndigkeit und Aktualit\u00e4t der Inhalte k\u00f6nnen wir jedoch keine Gew\u00e4hr \u00fcbernehmen. Als Diensteanbieter sind wir gem\u00e4\u00df \u00a7 7 Abs.1 TMG f\u00fcr eigene Inhalte auf diesen Seiten nach den allgemeinen Gesetzen verantwortlich. Nach \u00a7\u00a7 8 bis 10 TMG sind wir als Diensteanbieter jedoch nicht verpflichtet, \u00fcbermittelte oder gespeicherte fremde Informationen zu \u00fcberwachen oder nach Umst\u00e4nden zu forschen, die auf eine rechtswidrige T\u00e4tigkeit hinweisen. Verpflichtungen zur Entfernung oder Sperrung der Nutzung von Informationen nach den allgemeinen Gesetzen bleiben hiervon unber\u00fchrt. Eine diesbez\u00fcgliche Haftung ist jedoch erst ab dem Zeitpunkt der Kenntnis einer konkreten Rechtsverletzung m\u00f6glich. Bei Bekanntwerden von entsprechenden Rechtsverletzungen werden wir diese Inhalte umgehend entfernen.<\/p>\n\n\n\n<p>Haftung f\u00fcr Links<br>Unser Angebot enth\u00e4lt Links zu externen Webseiten Dritter, auf deren Inhalte wir keinen Einfluss haben. Deshalb k\u00f6nnen wir f\u00fcr diese fremden Inhalte auch keine Gew\u00e4hr \u00fcbernehmen. F\u00fcr die Inhalte der verlinkten Seiten ist stets der jeweilige Anbieter oder Betreiber der Seiten verantwortlich. Die verlinkten Seiten wurden zum Zeitpunkt der Verlinkung auf m\u00f6gliche Rechtsverst\u00f6\u00dfe \u00fcberpr\u00fcft. Rechtswidrige Inhalte waren zum Zeitpunkt der Verlinkung nicht erkennbar. Eine permanente inhaltliche Kontrolle der verlinkten Seiten ist jedoch ohne konkrete Anhaltspunkte einer Rechtsverletzung nicht zumutbar. Bei Bekanntwerden von Rechtsverletzungen werden wir derartige Links umgehend entfernen.<\/p>\n\n\n\n<p>Urheberrecht<br>Die durch die Seitenbetreiber erstellten bzw. verwendeten Inhalte und Werke auf diesen Seiten unterliegen dem deutschen Urheberrecht. Die Vervielf\u00e4ltigung, Bearbeitung, Verbreitung und jede Art der Verwertung au\u00dferhalb der Grenzen des Urheberrechtes bed\u00fcrfen der Zustimmung des jeweiligen Autors bzw. Erstellers. Downloads und Kopien dieser Seite sind nur f\u00fcr den privaten, nicht kommerziellen Gebrauch gestattet. Soweit die Inhalte auf dieser Seite nicht vom Betreiber erstellt wurden, werden die Urheberrechte Dritter beachtet. Insbesondere werden Inhalte Dritter als solche gekennzeichnet. Sollten Sie trotzdem auf eine Urheberrechtsverletzung aufmerksam werden, bitten wir um einen entsprechenden Hinweis. Bei Bekanntwerden von Rechtsverletzungen werden wir derartige Inhalte umgehend entfernen.<\/p>\n\n\n\n<p><strong>Hinweise zu&nbsp;Facebook-Plug-ins:<\/strong><br>Wir verwenden in unserem&nbsp;Internetauftritt&nbsp;Plug-ins des Online-Netzwerkportals \u00bbFacebook\u00ab.<br>Betreiber dieses Netzwerkes ist die&nbsp;Facebook&nbsp;Inc.; 1601 S. California Avenue, Palo Alto, CA 94304, USA.<\/p>\n\n\n\n<p>Bei den Plug-ins handelt es sich um einen Button mit der Bezeichnung \u00bbGef\u00e4llt mir\u00ab und um das Logo der&nbsp;Facebook&nbsp;Inc. \u2013 einem wei\u00dfen \u00bbf\u00ab &nbsp;auf blauem&nbsp;Hintergrund. Erkennbar sind solche Plug-ins auch an dem Hinweis \u00bbSoziales Plug-in von&nbsp;Facebook\u00ab, der auf der Website zu finden&nbsp;sein kann.<\/p>\n\n\n\n<p>Wenn Sie unsere Website aufrufen, wird durch Ihren Browser eine direkte Verbindung zu den Servern der&nbsp;Facebook&nbsp;Inc. hergestellt, wobei &nbsp;der konkrete Inhalt des Plug-ins von&nbsp;Facebook&nbsp;auf deren Servern bereitgestellt und schlie\u00dflich \u00fcber Ihren Browser direkt in unsere Website&nbsp;eingebunden wird.<\/p>\n\n\n\n<p>Sind Sie Mitglied bei&nbsp;Facebook&nbsp;und w\u00e4hrend des Besuchs auf unserer Website bei&nbsp;Facebook&nbsp;eingeloggt, kann schon dieser Besuch Ihrem&nbsp;Facebook-Benutzerkonto zugeordnet werden. Sofern Sie den \u00bbGef\u00e4llt mir\u00ab Button nutzen wird diese Information ebenfalls direkt an&nbsp;Facebook &nbsp;\u00fcbermittelt und dort gespeichert. Die Zuordnung des Besuchs auf unserer Website zu Ihrem&nbsp;Facebook-Konto k\u00f6nnen Sie vermeiden, wenn &nbsp;Sie sich zuvor bei&nbsp;Facebook&nbsp;ausgeloggt haben. Auch wenn Sie nicht Mitglied bei&nbsp;Facebook&nbsp;sind, wird m\u00f6glicherweise Ihre IP-Adresse bei&nbsp;dem Besuch unserer Website an die&nbsp;Facebook&nbsp;Inc. \u00fcbermittelt und gespeichert.<\/p>\n\n\n\n<p>Weitere Informationen zum Umfang und Zwecke der Erhebung und Verwendung personenbezogener Daten durch&nbsp;Facebook&nbsp;sowie Hinweise zu&nbsp;Einstellungsm\u00f6glichkeiten f\u00fcr&nbsp;Facebook-Benutzerkonten zum Schutz der Privatsph\u00e4re finden Sie unter:&nbsp;<a href=\"http:\/\/www.facebook.com\/policy.php\" target=\"_blank\" rel=\"noopener\">http:\/\/www.facebook.com\/policy.php<\/a>.<\/p>\n\n\n\n<p><i>Quelle:&nbsp;&nbsp;<\/i><a href=\"http:\/\/www.muster-vorlagen.net\/\" target=\"_blank\" rel=\"noopener\">http:\/\/www.muster-vorlagen.net<\/a><\/p>\n","protected":false},"excerpt":{"rendered":"<p>Angaben gem\u00e4\u00df \u00a7 5 TMG Fabian, BaumBaum Marketing &amp; EventSch\u00f6nholzer Str., 6a13187 Berlin Kontakt Telefon: 03021606469E-Mail:&nbsp;agentur-baum@email.de Umsatzsteuer-ID Umsatzsteuer-Identifikationsnummer gem\u00e4\u00df \u00a727 a UmsatzsteuergesetzDE250222576 Haftungsausschluss Haftung f\u00fcr InhalteDie Inhalte unserer Seiten wurden mit gr\u00f6\u00dfter Sorgfalt erstellt. F\u00fcr die Richtigkeit, Vollst\u00e4ndigkeit und Aktualit\u00e4t &hellip; <a href=\"https:\/\/gabba-nation.com\/?page_id=292\">Weiterlesen <span class=\"meta-nav\">&rarr;<\/span><\/a><\/p>\n","protected":false},"author":1,"featured_media":0,"parent":0,"menu_order":0,"comment_status":"closed","ping_status":"closed","template":"","meta":{"jetpack_post_was_ever_published":false,"footnotes":""},"class_list":["post-292","page","type-page","status-publish","hentry"],"jetpack-related-posts":[{"id":506,"url":"https:\/\/gabba-nation.com\/?page_id=506","url_meta":{"origin":292,"position":0},"title":"Datenschutzerkl\u00e4rung","author":"v0r73x","date":"Mai 22, 2018","format":false,"excerpt":"Datenschutzerkla\u0308rung 1.) Name und Kontaktdaten des fu\u0308r die Verarbeitung Verantwortlichen Diese Datenschutz-Information gilt fu\u0308r die Datenverarbeitung durch: Verantwortlicher: Fabian Baum, Baum Marketing & Event, Scho\u0308nholzer Str., 6a, 13187 Berlin, Telefon: 03021606469, E- Mail: agentur-baum@email.de 2.) Erhebung und Speicherung personenbezogener Daten sowie Art und Zweck von deren Verwendung a) Beim Besuch\u2026","rel":"","context":"\u00c4hnlicher Beitrag","block_context":{"text":"\u00c4hnlicher Beitrag","link":""},"img":{"alt_text":"","src":"","width":0,"height":0},"classes":[]},{"id":289,"url":"https:\/\/gabba-nation.com\/?page_id=289","url_meta":{"origin":292,"position":1},"title":"AGB","author":"v0r73x","date":"August 1, 2016","format":false,"excerpt":"AGB Ver\u00f6ffentlicht: 22. Mai 2018 gem\u00e4\u00df Artikel 25 DSGVO : Prinzipien \u201ePrivacy by Design\u201c \u00a7 1 Geltungsbereich und Anbieter \u00a7 2 Vertragsschluss \u00a7 3 Preise \u00a7 4 Versandkosten \u00a7 5 Lieferbedingungen und Selbstbelieferungsvorbehalt \u00a7 6 Zahlungsbedingungen \u00a7 7 Eigentumsvorbehalt \u00a7 8 Widerrufsbelehrung \u00a7 9 Transportsch\u00e4den \u00a7 10 Gew\u00e4hrleistung \u00a7 11\u2026","rel":"","context":"\u00c4hnlicher Beitrag","block_context":{"text":"\u00c4hnlicher Beitrag","link":""},"img":{"alt_text":"","src":"","width":0,"height":0},"classes":[]},{"id":294,"url":"https:\/\/gabba-nation.com\/?page_id=294","url_meta":{"origin":292,"position":2},"title":"Widerrufsbelehrung","author":"v0r73x","date":"August 1, 2016","format":false,"excerpt":"\u00a7 8 Widerrufsbelehrung Widerrufsrecht Sie haben das Recht, binnen vierzehn Tagen ohne Angabe von Gr\u00fcnden diesen Vertrag zu widerrufen. Die Widerrufsfrist betr\u00e4gt vierzehn Tage ab dem Tag, an dem Sie oder ein von Ihnen benannter Dritter, der nicht der Bef\u00f6rderer ist, die Waren in Besitz genommen haben bzw. hat. Um\u2026","rel":"","context":"\u00c4hnlicher Beitrag","block_context":{"text":"\u00c4hnlicher Beitrag","link":""},"img":{"alt_text":"","src":"","width":0,"height":0},"classes":[]}],"jetpack_sharing_enabled":true,"jetpack_shortlink":"https:\/\/wp.me\/P7gwp6-4I","_links":{"self":[{"href":"https:\/\/gabba-nation.com\/index.php?rest_route=\/wp\/v2\/pages\/292","targetHints":{"allow":["GET"]}}],"collection":[{"href":"https:\/\/gabba-nation.com\/index.php?rest_route=\/wp\/v2\/pages"}],"about":[{"href":"https:\/\/gabba-nation.com\/index.php?rest_route=\/wp\/v2\/types\/page"}],"author":[{"embeddable":true,"href":"https:\/\/gabba-nation.com\/index.php?rest_route=\/wp\/v2\/users\/1"}],"replies":[{"embeddable":true,"href":"https:\/\/gabba-nation.com\/index.php?rest_route=%2Fwp%2Fv2%2Fcomments&post=292"}],"version-history":[{"count":3,"href":"https:\/\/gabba-nation.com\/index.php?rest_route=\/wp\/v2\/pages\/292\/revisions"}],"predecessor-version":[{"id":889,"href":"https:\/\/gabba-nation.com\/index.php?rest_route=\/wp\/v2\/pages\/292\/revisions\/889"}],"wp:attachment":[{"href":"https:\/\/gabba-nation.com\/index.php?rest_route=%2Fwp%2Fv2%2Fmedia&parent=292"}],"curies":[{"name":"wp","href":"https:\/\/api.w.org\/{rel}","templated":true}]}}