{"id":12,"date":"2015-05-06T06:37:24","date_gmt":"2015-05-06T06:37:24","guid":{"rendered":"http:\/\/v0r73x.chickenkiller.com\/wordpress\/?page_id=12"},"modified":"2026-02-15T19:37:37","modified_gmt":"2026-02-15T19:37:37","slug":"welcome","status":"publish","type":"page","link":"https:\/\/gabba-nation.com\/","title":{"rendered":"BRAINFIRE -GNR &amp; GFB 30TH ANNIVERSARY- @ VOID CLUB &amp; HALL \/\/\/ 25\/04\/2026"},"content":{"rendered":"\n<h1 class=\"wp-block-heading\"><\/h1>\n\n\n\n<h2 class=\"wp-block-heading\"><\/h2>\n\n\n\n<p class=\"has-text-align-center\"><\/p>\n\n\n\n<figure class=\"wp-block-image size-full\"><img data-recalc-dims=\"1\" loading=\"lazy\" decoding=\"async\" width=\"584\" height=\"824\" data-attachment-id=\"1290\" data-permalink=\"https:\/\/gabba-nation.com\/?attachment_id=1290\" data-orig-file=\"https:\/\/i0.wp.com\/gabba-nation.com\/wp-content\/uploads\/2026\/01\/BF2504_WEB_A6.jpg?fit=1287%2C1816&amp;ssl=1\" data-orig-size=\"1287,1816\" data-comments-opened=\"0\" data-image-meta=\"{&quot;aperture&quot;:&quot;0&quot;,&quot;credit&quot;:&quot;&quot;,&quot;camera&quot;:&quot;&quot;,&quot;caption&quot;:&quot;&quot;,&quot;created_timestamp&quot;:&quot;0&quot;,&quot;copyright&quot;:&quot;&quot;,&quot;focal_length&quot;:&quot;0&quot;,&quot;iso&quot;:&quot;0&quot;,&quot;shutter_speed&quot;:&quot;0&quot;,&quot;title&quot;:&quot;&quot;,&quot;orientation&quot;:&quot;1&quot;}\" data-image-title=\"BF2504_WEB_A6\" data-image-description=\"\" data-image-caption=\"\" data-large-file=\"https:\/\/i0.wp.com\/gabba-nation.com\/wp-content\/uploads\/2026\/01\/BF2504_WEB_A6.jpg?fit=584%2C824&amp;ssl=1\" src=\"https:\/\/i0.wp.com\/gabba-nation.com\/wp-content\/uploads\/2026\/01\/BF2504_WEB_A6.jpg?resize=584%2C824&#038;ssl=1\" alt=\"\" class=\"wp-image-1290\" srcset=\"https:\/\/i0.wp.com\/gabba-nation.com\/wp-content\/uploads\/2026\/01\/BF2504_WEB_A6.jpg?w=1287&amp;ssl=1 1287w, https:\/\/i0.wp.com\/gabba-nation.com\/wp-content\/uploads\/2026\/01\/BF2504_WEB_A6.jpg?resize=1089%2C1536&amp;ssl=1 1089w, https:\/\/i0.wp.com\/gabba-nation.com\/wp-content\/uploads\/2026\/01\/BF2504_WEB_A6.jpg?resize=213%2C300&amp;ssl=1 213w, https:\/\/i0.wp.com\/gabba-nation.com\/wp-content\/uploads\/2026\/01\/BF2504_WEB_A6.jpg?resize=300%2C423&amp;ssl=1 300w, https:\/\/i0.wp.com\/gabba-nation.com\/wp-content\/uploads\/2026\/01\/BF2504_WEB_A6.jpg?resize=106%2C150&amp;ssl=1 106w, https:\/\/i0.wp.com\/gabba-nation.com\/wp-content\/uploads\/2026\/01\/BF2504_WEB_A6.jpg?resize=726%2C1024&amp;ssl=1 726w, https:\/\/i0.wp.com\/gabba-nation.com\/wp-content\/uploads\/2026\/01\/BF2504_WEB_A6.jpg?w=1168&amp;ssl=1 1168w\" sizes=\"auto, (max-width: 584px) 100vw, 584px\" \/><\/figure>\n\n\n\n<p class=\"has-text-align-center\"><\/p>\n\n\n\n<p>&nbsp;<\/p>\n<p style=\"text-align: center;\"><iframe loading=\"lazy\" src=\"\/\/www.youtube.com\/embed\/yWmhwP0YIQc\" width=\"560\" height=\"314\" allowfullscreen=\"allowfullscreen\"><\/iframe><\/p>\n\n\n\n\n\n<figure class=\"wp-block-embed is-type-video is-provider-youtube wp-block-embed-youtube wp-embed-aspect-9-16 wp-has-aspect-ratio\"><div class=\"wp-block-embed__wrapper\">\n<iframe loading=\"lazy\" title=\"25\/04\/26 BRAINFIRE -THE ANNIVERSARY-@VOID CLUB&amp;HALL #hardcore #gabber #speedcore #rave #earlygabber\" width=\"493\" height=\"876\" src=\"https:\/\/www.youtube.com\/embed\/amDid8fPJt8?feature=oembed\" frameborder=\"0\" allow=\"accelerometer; autoplay; clipboard-write; encrypted-media; gyroscope; picture-in-picture; web-share\" referrerpolicy=\"strict-origin-when-cross-origin\" allowfullscreen><\/iframe>\n<\/div><\/figure>\n\n\n\n<figure class=\"wp-block-embed is-type-video is-provider-youtube wp-block-embed-youtube wp-embed-aspect-9-16 wp-has-aspect-ratio\"><div class=\"wp-block-embed__wrapper\">\n<iframe loading=\"lazy\" title=\"BRAINFIRE -THE ANNIVERSARY- 25|04|26 @ VOID CLUB &amp; HALL #speedcore #gabber #brainfire  #rave #party\" width=\"493\" height=\"876\" src=\"https:\/\/www.youtube.com\/embed\/tvM_zrNbkYo?feature=oembed\" frameborder=\"0\" allow=\"accelerometer; autoplay; clipboard-write; encrypted-media; gyroscope; picture-in-picture; web-share\" referrerpolicy=\"strict-origin-when-cross-origin\" allowfullscreen><\/iframe>\n<\/div><\/figure>\n\n\n\n<figure class=\"wp-block-video\"><\/figure>\n\n\n\n<figure class=\"wp-block-embed is-type-video is-provider-youtube wp-block-embed-youtube wp-embed-aspect-9-16 wp-has-aspect-ratio\"><div class=\"wp-block-embed__wrapper\">\n<iframe loading=\"lazy\" title=\"DJ BEAGLE \u201eTHE ANNIVERSARY EP\u201d#gabbanation #speedcore #gabbar #vinyl #dj\" width=\"493\" height=\"876\" src=\"https:\/\/www.youtube.com\/embed\/e7wCFj-SLZg?feature=oembed\" frameborder=\"0\" allow=\"accelerometer; autoplay; clipboard-write; encrypted-media; gyroscope; picture-in-picture; web-share\" referrerpolicy=\"strict-origin-when-cross-origin\" allowfullscreen><\/iframe>\n<\/div><\/figure>\n\n\n","protected":false},"excerpt":{"rendered":"<p>&nbsp;<\/p>\n","protected":false},"author":1,"featured_media":0,"parent":0,"menu_order":0,"comment_status":"closed","ping_status":"closed","template":"","meta":{"jetpack_post_was_ever_published":false,"footnotes":""},"class_list":["post-12","page","type-page","status-publish","hentry"],"jetpack-related-posts":[{"id":289,"url":"https:\/\/gabba-nation.com\/?page_id=289","url_meta":{"origin":12,"position":0},"title":"AGB","author":"v0r73x","date":"August 1, 2016","format":false,"excerpt":"AGB Ver\u00f6ffentlicht: 22. Mai 2018 gem\u00e4\u00df Artikel 25 DSGVO : Prinzipien \u201ePrivacy by Design\u201c \u00a7 1 Geltungsbereich und Anbieter \u00a7 2 Vertragsschluss \u00a7 3 Preise \u00a7 4 Versandkosten \u00a7 5 Lieferbedingungen und Selbstbelieferungsvorbehalt \u00a7 6 Zahlungsbedingungen \u00a7 7 Eigentumsvorbehalt \u00a7 8 Widerrufsbelehrung \u00a7 9 Transportsch\u00e4den \u00a7 10 Gew\u00e4hrleistung \u00a7 11\u2026","rel":"","context":"\u00c4hnlicher Beitrag","block_context":{"text":"\u00c4hnlicher Beitrag","link":""},"img":{"alt_text":"","src":"","width":0,"height":0},"classes":[]}],"jetpack_sharing_enabled":true,"jetpack_shortlink":"https:\/\/wp.me\/P7gwp6-c","_links":{"self":[{"href":"https:\/\/gabba-nation.com\/index.php?rest_route=\/wp\/v2\/pages\/12","targetHints":{"allow":["GET"]}}],"collection":[{"href":"https:\/\/gabba-nation.com\/index.php?rest_route=\/wp\/v2\/pages"}],"about":[{"href":"https:\/\/gabba-nation.com\/index.php?rest_route=\/wp\/v2\/types\/page"}],"author":[{"embeddable":true,"href":"https:\/\/gabba-nation.com\/index.php?rest_route=\/wp\/v2\/users\/1"}],"replies":[{"embeddable":true,"href":"https:\/\/gabba-nation.com\/index.php?rest_route=%2Fwp%2Fv2%2Fcomments&post=12"}],"version-history":[{"count":104,"href":"https:\/\/gabba-nation.com\/index.php?rest_route=\/wp\/v2\/pages\/12\/revisions"}],"predecessor-version":[{"id":1301,"href":"https:\/\/gabba-nation.com\/index.php?rest_route=\/wp\/v2\/pages\/12\/revisions\/1301"}],"wp:attachment":[{"href":"https:\/\/gabba-nation.com\/index.php?rest_route=%2Fwp%2Fv2%2Fmedia&parent=12"}],"curies":[{"name":"wp","href":"https:\/\/api.w.org\/{rel}","templated":true}]}}